{"id":2246,"date":"2016-02-15T12:33:35","date_gmt":"2016-02-15T12:33:35","guid":{"rendered":"https:\/\/marketplace.reticnetwork.eu\/servizi-della-rete\/"},"modified":"2019-03-19T18:30:20","modified_gmt":"2019-03-19T17:30:20","slug":"servizi-della-rete","status":"publish","type":"page","link":"https:\/\/marketplace.reticnetwork.eu\/fr\/servizi-della-rete\/","title":{"rendered":"SERVICES DE R\u00c9SEAUX"},"content":{"rendered":"<p>[vc_row css=&#8221;.vc_custom_1537289784719{background-color: #ffffff !important;}&#8221;][vc_column][vc_column_text]<\/p>\n<h1>SERVICES DE R\u00c9SEAUX<\/h1>\n<p>[\/vc_column_text][vc_column_text]Le r\u00e9seau transfrontalier d\u00e9nomm\u00e9 &#8220;RETIC&#8221; est compos\u00e9 d&#8217;entit\u00e9s sp\u00e9cialis\u00e9es dans les services de pr\u00e9-incubation et d&#8217;incubation (y compris les services post-incubation) pour les nouvelles entreprises du secteur des TIC appliqu\u00e9es aux secteurs suivants<br \/>\nla navigation de plaisance, le tourisme et l&#8217;\u00e9nergie. Le d\u00e9fi consiste \u00e0 cr\u00e9er un \u00e9cosyst\u00e8me vertueux gr\u00e2ce auquel des entreprises de produits de haute technologie potentielles peuvent \u00eatre cr\u00e9\u00e9es et consolid\u00e9es.<br \/>\nLe r\u00e9seau de comp\u00e9tences activ\u00e9 est n\u00e9 de la volont\u00e9 d&#8217;int\u00e9grer dans le r\u00e9seau, au niveau transfrontalier, des sujets qui jusqu&#8217;\u00e0 pr\u00e9sent ont fonctionn\u00e9 individuellement dans la prestation de services pour accompagner l&#8217;\u00e9mergence de nouvelles entreprises. A partir d&#8217;une approche transfrontali\u00e8re, il a \u00e9t\u00e9 possible d&#8217;activer une offre structur\u00e9e de services qualifi\u00e9s et int\u00e9gr\u00e9s, capable de s&#8217;appuyer sur les meilleures pratiques internationales et d&#8217;exp\u00e9rimenter des m\u00e9thodes innovantes de &#8220;scouting&#8221; et d'&#8221;ad\u00e9quation&#8221; entre l&#8217;offre et la demande de solutions technologiques.<br \/>\nLes principaux b\u00e9n\u00e9ficiaires sont les entrepreneurs en herbe, les organisations \u00e9conomiques, les universit\u00e9s\/centres de recherche, les incubateurs, etc.<br \/>\nL&#8217;objectif, avec une approche ascendante, est d&#8217;une part de faire \u00e9merger de nouvelles id\u00e9es entrepreneuriales, et d&#8217;autre part d&#8217;identifier des moyens innovants pour accompagner la naissance d&#8217;une entreprise.[\/vc_column_text][\/vc_column][\/vc_row][vc_row][vc_column][\/vc_column][\/vc_row][vc_row css=&#8221;.vc_custom_1552383220087{border-top-width: 2px !important;border-top-color: #c6c6c6 !important;border-radius: 15px !important;}&#8221;][vc_column width=&#8221;1\/4&#8243;][vc_single_image image=&#8221;2234&#8243; img_size=&#8221;medium&#8221; style=&#8221;vc_box_shadow&#8221; css_animation=&#8221;fadeIn&#8221;][\/vc_column][vc_column width=&#8221;3\/4&#8243;][vc_tta_accordion style=&#8221;flat&#8221; color=&#8221;turquoise&#8221; active_section=&#8221;1&#8243; collapsible_all=&#8221;true&#8221;][vc_tta_section title=&#8221;Actions de scouting technologique&#8221; tab_id=&#8221;1552382594662-50ccc821-b374&#8243;][vc_column_text]Azioni relative al contatto con aziende mature con l&#8217;obiettivo di favorire l&#8217;incontro tra domanda e offerta di innovazione. \u00c8 un servizio continuativo che si svolge attraverso incontri fissati all&#8217;occorrenza. I benefici attesi riguardano l&#8217;individuazione di risposte ai bisogni di innovazione espressi.[\/vc_column_text][\/vc_tta_section][vc_tta_section title=&#8221;VIDEO&#8221; tab_id=&#8221;1552382594763-331fa442-5cd9&#8243;][vc_single_image image=&#8221;2358&#8243; img_size=&#8221;full&#8221; alignment=&#8221;center&#8221; style=&#8221;vc_box_rounded&#8221;][\/vc_tta_section][vc_tta_section title=&#8221;AUTRE&#8221; tab_id=&#8221;1552383450217-2c735767-f95a&#8221;][vc_btn title=&#8221;CARTE PARTENAIRE&#8221; style=&#8221;3d&#8221; color=&#8221;danger&#8221; i_icon_fontawesome=&#8221;fa fa-id-card-o&#8221; add_icon=&#8221;true&#8221;][\/vc_tta_section][\/vc_tta_accordion][\/vc_column][\/vc_row][vc_row css=&#8221;.vc_custom_1552383220087{border-top-width: 2px !important;border-top-color: #c6c6c6 !important;border-radius: 15px !important;}&#8221;][vc_column width=&#8221;1\/4&#8243;][vc_single_image image=&#8221;2234&#8243; img_size=&#8221;medium&#8221; style=&#8221;vc_box_shadow&#8221; css_animation=&#8221;fadeIn&#8221;][\/vc_column][vc_column width=&#8221;3\/4&#8243;][vc_tta_accordion style=&#8221;flat&#8221; color=&#8221;orange&#8221; active_section=&#8221;1&#8243; collapsible_all=&#8221;true&#8221;][vc_tta_section title=&#8221;Assistance au developpement de l&#8217;entreprise&#8221; tab_id=&#8221;1552383711483-7a501962-57df&#8221;][vc_column_text]Il servizio \u00e8 rivolto a startup, PMI e ad aspiranti imprenditori e ha l&#8217;obiettivo di migliorare i processi aziendali. Il servizio verr\u00e0 portato avanti grazie alla messa a disposizione per 12 ore di un consulente specializzato che fornir\u00e0 assistenza personalizzata allo sviluppo d&#8217;impresa (valutazione strategie di mercato, individuazione nuovi target, ecc). Risultati attesi riguardano l&#8217;approfondimento di un tema o di un problema specifico rispetto al proprio progetto imprenditoriale. [\/vc_column_text][\/vc_tta_section][vc_tta_section title=&#8221;VIDEO&#8221; tab_id=&#8221;1552383711628-e9e7c8fd-cf57&#8243;][vc_single_image image=&#8221;2361&#8243; img_size=&#8221;full&#8221; alignment=&#8221;center&#8221; style=&#8221;vc_box_rounded&#8221;][\/vc_tta_section][vc_tta_section title=&#8221;AUTRE&#8221; tab_id=&#8221;1552383711786-40e859f0-68fe&#8221;][vc_btn title=&#8221;CARTE PARTENAIRE&#8221; style=&#8221;3d&#8221; color=&#8221;turquoise&#8221; i_icon_fontawesome=&#8221;fa fa-id-card-o&#8221; add_icon=&#8221;true&#8221;][\/vc_tta_section][\/vc_tta_accordion][\/vc_column][\/vc_row][vc_row css=&#8221;.vc_custom_1552383220087{border-top-width: 2px !important;border-top-color: #c6c6c6 !important;border-radius: 15px !important;}&#8221;][vc_column width=&#8221;1\/4&#8243;][vc_single_image image=&#8221;2238&#8243; img_size=&#8221;medium&#8221; style=&#8221;vc_box_shadow&#8221; css_animation=&#8221;fadeIn&#8221;][\/vc_column][vc_column width=&#8221;3\/4&#8243;][vc_tta_accordion style=&#8221;flat&#8221; color=&#8221;sky&#8221; active_section=&#8221;1&#8243; collapsible_all=&#8221;true&#8221;][vc_tta_section title=&#8221;Club Entreprises Innovantes&#8221; tab_id=&#8221;1552384519412-29d86092-7cec&#8221;][vc_column_text]Destinatarie del servizio sono le imprese innovative e l&#8217;obiettivo \u00e8 dare loro l&#8217;occasione di incontrarsi e creare sinergie, cos\u00ec da stimolare l&#8217;innovazione all&#8217;interno di un intero settore\/filiera e\/o dell&#8217;intero territorio. Allo stesso tempo si incentiveranno azioni di lobbying per creare un clima favorevole alla conoscenza, al dialogo e all&#8217;interazione tra imprese e mondo dell&#8217;ICT e si sosterr\u00e0 l&#8217;attivazione di rapporti e alleanze con altre realt\u00e0 nazionali o internazionali che operano nel campo dell&#8217;innovazione.<br \/>\nQuesto creando un network di aziende innovative e favorendone l&#8217;espansione. Benefici attesi riguardano la conclusione di partnership tra piccole e grandi aziende, l&#8217;incontro con partner commerciali, l&#8217;assunzione di una formazione specifica in tema di innovazione.[\/vc_column_text][\/vc_tta_section][vc_tta_section title=&#8221;VIDEO&#8221; tab_id=&#8221;1552384519471-8c77d308-9356&#8243;][vc_single_image image=&#8221;2364&#8243; img_size=&#8221;full&#8221; alignment=&#8221;center&#8221; style=&#8221;vc_box_rounded&#8221;][\/vc_tta_section][vc_tta_section title=&#8221;AUTRE&#8221; tab_id=&#8221;1552384519536-322a2c4b-b8f2&#8243;][vc_btn title=&#8221;CARTE PARTENAIRE&#8221; style=&#8221;3d&#8221; i_icon_fontawesome=&#8221;fa fa-id-card-o&#8221; add_icon=&#8221;true&#8221;][\/vc_tta_section][\/vc_tta_accordion][\/vc_column][\/vc_row][vc_row css=&#8221;.vc_custom_1552383220087{border-top-width: 2px !important;border-top-color: #c6c6c6 !important;border-radius: 15px !important;}&#8221;][vc_column width=&#8221;1\/4&#8243;][vc_single_image image=&#8221;2235&#8243; img_size=&#8221;medium&#8221; style=&#8221;vc_box_shadow&#8221; css_animation=&#8221;fadeIn&#8221;][\/vc_column][vc_column width=&#8221;3\/4&#8243;][vc_tta_accordion style=&#8221;flat&#8221; color=&#8221;juicy-pink&#8221; active_section=&#8221;1&#8243; collapsible_all=&#8221;true&#8221;][vc_tta_section title=&#8221;E-DHR bouquet de services&#8221; tab_id=&#8221;1552384869088-084b1de4-750d&#8221;][vc_column_text]Servizio destinato alle startup innovative per costruire un&#8217;offerta legata alle risorse umane (HR) in relazione alle esigenze dei territori. L&#8217;obiettivo \u00e8 costruire partenariati e servizi congiunti, come una piattaforma di reclutamento di risorse umane per le imprese. Il servizio riguarder\u00e0 quindi la creazione di una piattaforma web di contatto tra imprese e talenti qualificati nel digitale. I benefici attesi riguardano agevolazioni nel reclutamento di risorse umane per le imprese e facilitare la ricerca di lavoro per il privato e, in generale, per il territorio intensificare l&#8217;attrattivit\u00e0 economica e i risultati ottenuti[\/vc_column_text][\/vc_tta_section][vc_tta_section title=&#8221;VIDEO&#8221; tab_id=&#8221;1552384869202-d9a4352b-656c&#8221;][vc_single_image image=&#8221;2367&#8243; img_size=&#8221;full&#8221; alignment=&#8221;center&#8221; style=&#8221;vc_box_rounded&#8221;][\/vc_tta_section][vc_tta_section title=&#8221;AUTRE&#8221; tab_id=&#8221;1552384869329-aeb806ad-0472&#8243;][vc_btn title=&#8221;CARTE PARTENAIRE&#8221; style=&#8221;3d&#8221; color=&#8221;white&#8221; i_icon_fontawesome=&#8221;fa fa-id-card-o&#8221; add_icon=&#8221;true&#8221;][\/vc_tta_section][\/vc_tta_accordion][\/vc_column][\/vc_row][vc_row css=&#8221;.vc_custom_1552383220087{border-top-width: 2px !important;border-top-color: #c6c6c6 !important;border-radius: 15px !important;}&#8221;][vc_column width=&#8221;1\/4&#8243;][vc_single_image image=&#8221;2236&#8243; img_size=&#8221;medium&#8221; style=&#8221;vc_box_shadow&#8221; css_animation=&#8221;fadeIn&#8221;][\/vc_column][vc_column width=&#8221;3\/4&#8243;][vc_tta_accordion style=&#8221;flat&#8221; color=&#8221;vista-blue&#8221; active_section=&#8221;1&#8243; collapsible_all=&#8221;true&#8221;][vc_tta_section title=&#8221;Evenements de matching &#038; information&#8221; tab_id=&#8221;1552385101345-2ee61512-1149&#8243;][vc_column_text]Il servizio \u00e8 rivolto principalmente alle Startup. L&#8217;obiettivo \u00e8 catalizzare l&#8217;interazione tra imprese e concentrare le possibilit\u00e0 di informazione. Le startup hanno quindi la possibilit\u00e0 di partecipare a eventi in cui si svolgono b2b, sessioni di product-services presentation e momenti di scambio e confronto.[\/vc_column_text][\/vc_tta_section][vc_tta_section title=&#8221;VIDEO&#8221; tab_id=&#8221;1552385101542-9f9ba02f-a3f0&#8243;][vc_single_image image=&#8221;2369&#8243; img_size=&#8221;full&#8221; alignment=&#8221;center&#8221; style=&#8221;vc_box_rounded&#8221;][\/vc_tta_section][vc_tta_section title=&#8221;AUTRE&#8221; tab_id=&#8221;1552385101674-29356f30-2fdf&#8221;][vc_btn title=&#8221;CARTE PARTENAIRE&#8221; style=&#8221;3d&#8221; color=&#8221;mulled-wine&#8221; i_icon_fontawesome=&#8221;fa fa-id-card-o&#8221; add_icon=&#8221;true&#8221;][\/vc_tta_section][\/vc_tta_accordion][\/vc_column][\/vc_row][vc_row css=&#8221;.vc_custom_1552383220087{border-top-width: 2px !important;border-top-color: #c6c6c6 !important;border-radius: 15px !important;}&#8221;][vc_column width=&#8221;1\/4&#8243;][vc_single_image image=&#8221;2238&#8243; img_size=&#8221;medium&#8221; style=&#8221;vc_box_shadow&#8221; css_animation=&#8221;fadeIn&#8221;][\/vc_column][vc_column width=&#8221;3\/4&#8243;][vc_tta_accordion style=&#8221;flat&#8221; color=&#8221;sandy-brown&#8221; active_section=&#8221;1&#8243; collapsible_all=&#8221;true&#8221;][vc_tta_section title=&#8221;Fond de cr\u00e9dit-rotatif entreprises innovantes &#8221; tab_id=&#8221;1552385481257-5d6f7666-5dc5&#8243;][vc_column_text]Servizio destinato a startup innovative con alto potenziale di crescita. Il serviziosi espleta attraverso la presentazione di una propria candidatura in un bando che proceder\u00e0 con l&#8217;istruttoria, diligence e selezione. La CCIAA, tramite la sottoscrizione di quote diventa socia per un massimo di 5 anni dell&#8217;azienda. Il servizio quindi si pone l&#8217;obiettivo di sostenere lo sviluppo dell&#8217;innovazione attraverso capitale di rischio e incentivazione del progetto innovativo nella fase di avvio. I benefici riguardano il finanziamento e lo sviluppo dell&#8217;impresa.[\/vc_column_text][\/vc_tta_section][vc_tta_section title=&#8221;VIDEO&#8221; tab_id=&#8221;1552385481402-bdbf44b6-0056&#8243;][vc_single_image image=&#8221;2372&#8243; img_size=&#8221;full&#8221; alignment=&#8221;center&#8221; style=&#8221;vc_box_rounded&#8221;][\/vc_tta_section][vc_tta_section title=&#8221;AUTRE&#8221; tab_id=&#8221;1552385481564-d435788b-689f&#8221;][vc_btn title=&#8221;CARTE PARTENAIRE&#8221; style=&#8221;3d&#8221; color=&#8221;white&#8221; i_icon_fontawesome=&#8221;fa fa-id-card-o&#8221; add_icon=&#8221;true&#8221;][\/vc_tta_section][\/vc_tta_accordion][\/vc_column][\/vc_row][vc_row css=&#8221;.vc_custom_1552383220087{border-top-width: 2px !important;border-top-color: #c6c6c6 !important;border-radius: 15px !important;}&#8221;][vc_column width=&#8221;1\/4&#8243;][vc_single_image image=&#8221;2236&#8243; img_size=&#8221;medium&#8221; style=&#8221;vc_box_shadow&#8221; css_animation=&#8221;fadeIn&#8221;][\/vc_column][vc_column width=&#8221;3\/4&#8243;][vc_tta_accordion style=&#8221;flat&#8221; color=&#8221;peacoc&#8221; active_section=&#8221;1&#8243; collapsible_all=&#8221;true&#8221;][vc_tta_section title=&#8221;Information pour la preparation aux march\u00e9 internationaux &#8221; tab_id=&#8221;1552385672361-aa553989-0d1a&#8221;][vc_column_text]Destinatarie del servizio le startup. Obiettivo \u00e8 la preparazione delle PMI ai mercati internazionali attraverso la corretta informazione e la promozione all&#8217;estero.[\/vc_column_text][\/vc_tta_section][vc_tta_section title=&#8221;VIDEO&#8221; tab_id=&#8221;1552385672525-9452f6c9-f4ad&#8221;][vc_single_image image=&#8221;2375&#8243; img_size=&#8221;full&#8221; alignment=&#8221;center&#8221; style=&#8221;vc_box_rounded&#8221;][\/vc_tta_section][vc_tta_section title=&#8221;AUTRE&#8221; tab_id=&#8221;1552385672692-eb489da9-fa3b&#8221;][vc_btn title=&#8221;CARTE PARTENAIRE&#8221; style=&#8221;3d&#8221; color=&#8221;white&#8221; i_icon_fontawesome=&#8221;fa fa-id-card-o&#8221; add_icon=&#8221;true&#8221;][\/vc_tta_section][\/vc_tta_accordion][\/vc_column][\/vc_row][vc_row css=&#8221;.vc_custom_1552383220087{border-top-width: 2px !important;border-top-color: #c6c6c6 !important;border-radius: 15px !important;}&#8221;][vc_column width=&#8221;1\/4&#8243;][vc_single_image image=&#8221;2240&#8243; img_size=&#8221;medium&#8221; style=&#8221;vc_box_shadow&#8221; css_animation=&#8221;fadeIn&#8221;][\/vc_column][vc_column width=&#8221;3\/4&#8243;][vc_tta_accordion style=&#8221;flat&#8221; color=&#8221;chino&#8221; active_section=&#8221;1&#8243; collapsible_all=&#8221;true&#8221;][vc_tta_section title=&#8221;Insight&#8221; tab_id=&#8221;1552385868120-3091dbab-42dd&#8221;][vc_column_text]Il servizio \u00e8 destinato a persone fisiche con un&#8217;idea d&#8217;impresa e riguarda la validazione del modello di business, con un rimborso delle spese sostenute fino a un massimo di 10.000 euro. Benefici attesi riguardano la possibilit\u00e0 di arrivare a un MVP e avviare una startup.[\/vc_column_text][\/vc_tta_section][vc_tta_section title=&#8221;VIDEO&#8221; tab_id=&#8221;1552385868283-d0de1778-0ab1&#8243;][vc_single_image image=&#8221;2377&#8243; img_size=&#8221;full&#8221; alignment=&#8221;center&#8221; style=&#8221;vc_box_rounded&#8221;][\/vc_tta_section][vc_tta_section title=&#8221;AUTRE&#8221; tab_id=&#8221;1552385868470-478484ab-b02e&#8221;][vc_btn title=&#8221;CARTE PARTENAIRE&#8221; style=&#8221;3d&#8221; color=&#8221;black&#8221; i_icon_fontawesome=&#8221;fa fa-id-card-o&#8221; add_icon=&#8221;true&#8221;][\/vc_tta_section][\/vc_tta_accordion][\/vc_column][\/vc_row][vc_row css=&#8221;.vc_custom_1552383220087{border-top-width: 2px !important;border-top-color: #c6c6c6 !important;border-radius: 15px !important;}&#8221;][vc_column width=&#8221;1\/4&#8243;][vc_single_image image=&#8221;2234&#8243; img_size=&#8221;medium&#8221; style=&#8221;vc_box_shadow&#8221; css_animation=&#8221;fadeIn&#8221;][\/vc_column][vc_column width=&#8221;3\/4&#8243;][vc_tta_accordion style=&#8221;flat&#8221; color=&#8221;purple&#8221; active_section=&#8221;1&#8243; collapsible_all=&#8221;true&#8221;][vc_tta_section title=&#8221;Orientez votre id\u00e9e d&#8217;entreprise&#8221; tab_id=&#8221;1552386196390-df639a68-f576&#8243;][vc_column_text]Il servizio \u00e8 rivolto a startup early stage e aspiranti imprenditori. Grazie al servizio si vuole arrivare a una definizione dell&#8217;idea imprenditoriale. Questo attraverso 10\/15 incontri e assistenza personalizzata nell&#8217;arco di un mese.[\/vc_column_text][\/vc_tta_section][vc_tta_section title=&#8221;VIDEO&#8221; tab_id=&#8221;1552386196610-e80d959a-9ba0&#8243;][vc_single_image image=&#8221;2377&#8243; img_size=&#8221;full&#8221; alignment=&#8221;center&#8221; style=&#8221;vc_box_rounded&#8221;][\/vc_tta_section][vc_tta_section title=&#8221;AUTRE&#8221; tab_id=&#8221;1552386196802-5ac51fe5-cf02&#8243;][vc_btn title=&#8221;CARTE PARTENAIRE&#8221; style=&#8221;3d&#8221; color=&#8221;black&#8221; i_icon_fontawesome=&#8221;fa fa-id-card-o&#8221; add_icon=&#8221;true&#8221;][\/vc_tta_section][\/vc_tta_accordion][\/vc_column][\/vc_row]<\/p>\n","protected":false},"excerpt":{"rendered":"<p>[vc_row css=&#8221;.vc_custom_1537289784719{background-color: #ffffff !important;}&#8221;][vc_column][vc_column_text] SERVICES DE R\u00c9SEAUX [\/vc_column_text][vc_column_text]Le r\u00e9seau transfrontalier d\u00e9nomm\u00e9 &#8220;RETIC&#8221; est compos\u00e9 d&#8217;entit\u00e9s sp\u00e9cialis\u00e9es dans les services de pr\u00e9-incubation et d&#8217;incubation (y compris les services post-incubation) pour les nouvelles entreprises du secteur des TIC appliqu\u00e9es aux secteurs suivants la navigation de plaisance, le tourisme et l&#8217;\u00e9nergie. Le d\u00e9fi consiste \u00e0 cr\u00e9er un \u00e9cosyst\u00e8me [&hellip;]<\/p>\n","protected":false},"author":3195,"featured_media":0,"parent":0,"menu_order":0,"comment_status":"open","ping_status":"open","template":"","meta":{"footnotes":""},"class_list":["post-2246","page","type-page","status-publish","hentry","no-img-post","blog-post"],"_links":{"self":[{"href":"https:\/\/marketplace.reticnetwork.eu\/fr\/wp-json\/wp\/v2\/pages\/2246","targetHints":{"allow":["GET"]}}],"collection":[{"href":"https:\/\/marketplace.reticnetwork.eu\/fr\/wp-json\/wp\/v2\/pages"}],"about":[{"href":"https:\/\/marketplace.reticnetwork.eu\/fr\/wp-json\/wp\/v2\/types\/page"}],"author":[{"embeddable":true,"href":"https:\/\/marketplace.reticnetwork.eu\/fr\/wp-json\/wp\/v2\/users\/3195"}],"replies":[{"embeddable":true,"href":"https:\/\/marketplace.reticnetwork.eu\/fr\/wp-json\/wp\/v2\/comments?post=2246"}],"version-history":[{"count":7,"href":"https:\/\/marketplace.reticnetwork.eu\/fr\/wp-json\/wp\/v2\/pages\/2246\/revisions"}],"predecessor-version":[{"id":2437,"href":"https:\/\/marketplace.reticnetwork.eu\/fr\/wp-json\/wp\/v2\/pages\/2246\/revisions\/2437"}],"wp:attachment":[{"href":"https:\/\/marketplace.reticnetwork.eu\/fr\/wp-json\/wp\/v2\/media?parent=2246"}],"curies":[{"name":"wp","href":"https:\/\/api.w.org\/{rel}","templated":true}]}}